{"id":55,"date":"2023-11-26T13:18:02","date_gmt":"2023-11-26T18:18:02","guid":{"rendered":"https:\/\/xn--ng-trng-hin-3eb3720hpfa.com\/?page_id=55"},"modified":"2023-12-03T17:07:11","modified_gmt":"2023-12-03T22:07:11","slug":"ngam-tho","status":"publish","type":"page","link":"https:\/\/xn--ng-trng-hin-3eb3720hpfa.com\/index.php\/ngam-tho\/","title":{"rendered":"Ng\u00e2m th\u01a1"},"content":{"rendered":"\n<figure class=\"wp-block-embed is-type-video is-provider-youtube wp-block-embed-youtube wp-embed-aspect-16-9 wp-has-aspect-ratio\"><div class=\"wp-block-embed__wrapper\">\n<iframe loading=\"lazy\" title=\"\u0110\u01b0\u1eddng T\u01a1 Ch\u01b0a D\u1ee9t - Ng\u00e2m th\u01a1 - T\u1eadp 1\" width=\"750\" height=\"422\" src=\"https:\/\/www.youtube.com\/embed\/ZUdcND3aOrU?feature=oembed\" frameborder=\"0\" allow=\"accelerometer; autoplay; clipboard-write; encrypted-media; gyroscope; picture-in-picture; web-share\" allowfullscreen><\/iframe>\n<\/div><figcaption class=\"wp-element-caption\"><strong>Ng\u00e2m th\u01a1<\/strong> tr\u00edch \u0111o\u1ea1n trong tr\u01b0\u1eddng thi &#8220;<strong>\u0110\u01b0\u1eddng T\u01a1 Ch\u01b0a D\u1ee9t<\/strong>&#8221; c\u1ee7a thi-s\u0129 Ng\u00f4-Tr\u1ecdng-Hi\u1ebfn, do t\u00e1c gi\u1ea3, thi-s\u0129 \u0110o\u00e0n-Y\u00ean-Linh, Ho\u00e0ng-H\u01b0\u01a1ng-Trang, ngh\u1ec7-s\u0129 Huy\u1ec1n-Tr\u00e2n, V\u00e2n-Khanh v\u00e0 nh\u1ea1c-s\u0129 B\u1eedu-L\u1ed9c (\u0111\u00e0n th\u1eadp l\u1ee5c) tr\u00ecnh di\u1ec5n &#8211; <strong>PH\u1ea6N 1<\/strong>.<\/figcaption><\/figure>\n\n\n\n<figure class=\"wp-block-embed is-type-video is-provider-youtube wp-block-embed-youtube wp-embed-aspect-16-9 wp-has-aspect-ratio\"><div class=\"wp-block-embed__wrapper\">\n<iframe loading=\"lazy\" title=\"\u0110\u01b0\u1eddng T\u01a1 Ch\u01b0a D\u1ee9t - Ng\u00e2m th\u01a1 - T\u1eadp 2\" width=\"750\" height=\"422\" src=\"https:\/\/www.youtube.com\/embed\/nR4FRjr9XUI?feature=oembed\" frameborder=\"0\" allow=\"accelerometer; autoplay; clipboard-write; encrypted-media; gyroscope; picture-in-picture; web-share\" allowfullscreen><\/iframe>\n<\/div><figcaption class=\"wp-element-caption\"><strong>Ng\u00e2m th\u01a1<\/strong> tr\u00edch \u0111o\u1ea1n trong tr\u01b0\u1eddng thi &#8220;<strong>\u0110\u01b0\u1eddng T\u01a1 Ch\u01b0a D\u1ee9t<\/strong>&#8221; c\u1ee7a thi-s\u0129 Ng\u00f4-Tr\u1ecdng-Hi\u1ebfn, do thi-s\u0129 \u0110o\u00e0n-Y\u00ean-Linh, Ho\u00e0ng-H\u01b0\u01a1ng-Trang, ngh\u1ec7-s\u0129 Huy\u1ec1n-Tr\u00e2n, V\u00e2n-Khanh v\u00e0 nh\u1ea1c-s\u0129 B\u1eedu-L\u1ed9c (\u0111\u00e0n th\u1eadp l\u1ee5c) tr\u00ecnh di\u1ec5n &#8211; <strong>PH\u1ea6N 2<\/strong>.<\/figcaption><\/figure>\n\n\n\n<figure class=\"wp-block-embed is-type-video is-provider-youtube wp-block-embed-youtube wp-embed-aspect-16-9 wp-has-aspect-ratio\"><div class=\"wp-block-embed__wrapper\">\n<iframe loading=\"lazy\" title=\"Nh\u1eefng C\u00e2u \u0110\u1ed1 C\u1ed5 Truy\u1ec1n Vi\u1ec7t-Nam - Ng\u00e2m th\u01a1\" width=\"750\" height=\"422\" src=\"https:\/\/www.youtube.com\/embed\/B2zJSoaemWw?feature=oembed\" frameborder=\"0\" allow=\"accelerometer; autoplay; clipboard-write; encrypted-media; gyroscope; picture-in-picture; web-share\" allowfullscreen><\/iframe>\n<\/div><figcaption class=\"wp-element-caption\"><strong>Ng\u00e2m th\u01a1<\/strong> tr\u00edch \u0111o\u1ea1n trong cu\u1ed1n &#8220;<strong>Nh\u1eefng C\u00e2u \u0110\u1ed1 C\u1ed5 Truy\u1ec1n Vi\u1ec7t-Nam<\/strong>&#8221; c\u1ee7a thi-s\u0129 Ng\u00f4-Tr\u1ecdng-Hi\u1ebfn, do thi-s\u0129 \u0110o\u00e0n-Y\u00ean-Linh, Ho\u00e0ng-H\u01b0\u01a1ng-Trang, ngh\u1ec7-s\u0129 Huy\u1ec1n-Tr\u00e2n, V\u00e2n-Khanh v\u00e0 nh\u1ea1c-s\u0129 B\u1eedu-L\u1ed9c (\u0111\u00e0n th\u1eadp l\u1ee5c) tr\u00ecnh di\u1ec5n.<\/figcaption><\/figure>\n\n\n\n<figure class=\"wp-block-embed is-type-video is-provider-youtube wp-block-embed-youtube wp-embed-aspect-16-9 wp-has-aspect-ratio\"><div class=\"wp-block-embed__wrapper\">\n<iframe loading=\"lazy\" title=\"\u0110\u01b0\u1eddng T\u01a1 Ch\u01b0a D\u1ee9t - Ng\u00e2m th\u01a1\" width=\"750\" height=\"422\" src=\"https:\/\/www.youtube.com\/embed\/dqKTDCXvIdc?feature=oembed\" frameborder=\"0\" allow=\"accelerometer; autoplay; clipboard-write; encrypted-media; gyroscope; picture-in-picture; web-share\" allowfullscreen><\/iframe>\n<\/div><figcaption class=\"wp-element-caption\"><strong>Ng\u00e2m th\u01a1<\/strong> tr\u00edch \u0111o\u1ea1n trong tr\u01b0\u1eddng thi &#8220;<strong>\u0110\u01b0\u1eddng T\u01a1 Ch\u01b0a D\u1ee9t<\/strong>&#8221; c\u1ee7a thi-s\u0129 Ng\u00f4-Tr\u1ecdng-Hi\u1ebfn do t\u00e1c gi\u1ea3 gi\u1edbi thi\u1ec7u v\u00e0 c\u00f4 H\u1ed3-\u0110i\u1ec7p tr\u00ecnh di\u1ec5n.<\/figcaption><\/figure>\n","protected":false},"excerpt":{"rendered":"","protected":false},"author":1,"featured_media":0,"parent":0,"menu_order":0,"comment_status":"closed","ping_status":"closed","template":"","meta":{"om_disable_all_campaigns":false,"_monsterinsights_skip_tracking":false,"_monsterinsights_sitenote_active":false,"_monsterinsights_sitenote_note":"","_monsterinsights_sitenote_category":0,"footnotes":""},"aioseo_notices":[],"_links":{"self":[{"href":"https:\/\/xn--ng-trng-hin-3eb3720hpfa.com\/index.php\/wp-json\/wp\/v2\/pages\/55"}],"collection":[{"href":"https:\/\/xn--ng-trng-hin-3eb3720hpfa.com\/index.php\/wp-json\/wp\/v2\/pages"}],"about":[{"href":"https:\/\/xn--ng-trng-hin-3eb3720hpfa.com\/index.php\/wp-json\/wp\/v2\/types\/page"}],"author":[{"embeddable":true,"href":"https:\/\/xn--ng-trng-hin-3eb3720hpfa.com\/index.php\/wp-json\/wp\/v2\/users\/1"}],"replies":[{"embeddable":true,"href":"https:\/\/xn--ng-trng-hin-3eb3720hpfa.com\/index.php\/wp-json\/wp\/v2\/comments?post=55"}],"version-history":[{"count":3,"href":"https:\/\/xn--ng-trng-hin-3eb3720hpfa.com\/index.php\/wp-json\/wp\/v2\/pages\/55\/revisions"}],"predecessor-version":[{"id":102,"href":"https:\/\/xn--ng-trng-hin-3eb3720hpfa.com\/index.php\/wp-json\/wp\/v2\/pages\/55\/revisions\/102"}],"wp:attachment":[{"href":"https:\/\/xn--ng-trng-hin-3eb3720hpfa.com\/index.php\/wp-json\/wp\/v2\/media?parent=55"}],"curies":[{"name":"wp","href":"https:\/\/api.w.org\/{rel}","templated":true}]}}