{"id":56,"date":"2023-11-26T13:18:02","date_gmt":"2023-11-26T18:18:02","guid":{"rendered":"https:\/\/xn--ng-trng-hin-3eb3720hpfa.com\/?page_id=56"},"modified":"2023-12-04T18:44:40","modified_gmt":"2023-12-04T23:44:40","slug":"lien-lac","status":"publish","type":"page","link":"https:\/\/xn--ng-trng-hin-3eb3720hpfa.com\/index.php\/lien-lac\/","title":{"rendered":"Li\u00ean l\u1ea1c"},"content":{"rendered":"\n<p>D\u01b0\u1edbi \u0111\u00e2y l\u00e0 \u0111\u1ecba ch\u1ec9 \u0111i\u1ec7n th\u01b0 c\u1ee7a ng\u01b0\u1eddi c\u00f3 tr\u00e1ch nhi\u1ec7m v\u1ec1 nh\u1eefng trang m\u1ea1ng n\u00e0y v\u1ec1 c\u1ed1 thi-s\u0129 Ng\u00f4-Tr\u1ecdng-Hi\u1ebfn :<\/p>\n\n\n\n<p>stevengo@auvqinternational.com<\/p>\n\n\n\n<p><\/p>\n","protected":false},"excerpt":{"rendered":"<p>D\u01b0\u1edbi \u0111\u00e2y l\u00e0 \u0111\u1ecba ch\u1ec9 \u0111i\u1ec7n th\u01b0 c\u1ee7a ng\u01b0\u1eddi c\u00f3 tr\u00e1ch nhi\u1ec7m v\u1ec1 nh\u1eefng trang m\u1ea1ng n\u00e0y v\u1ec1 c\u1ed1 thi-s\u0129 Ng\u00f4-Tr\u1ecdng-Hi\u1ebfn : stevengo@auvqinternational.com<\/p>\n","protected":false},"author":1,"featured_media":0,"parent":0,"menu_order":0,"comment_status":"closed","ping_status":"closed","template":"","meta":{"om_disable_all_campaigns":false,"_monsterinsights_skip_tracking":false,"_monsterinsights_sitenote_active":false,"_monsterinsights_sitenote_note":"","_monsterinsights_sitenote_category":0,"footnotes":""},"aioseo_notices":[],"_links":{"self":[{"href":"https:\/\/xn--ng-trng-hin-3eb3720hpfa.com\/index.php\/wp-json\/wp\/v2\/pages\/56"}],"collection":[{"href":"https:\/\/xn--ng-trng-hin-3eb3720hpfa.com\/index.php\/wp-json\/wp\/v2\/pages"}],"about":[{"href":"https:\/\/xn--ng-trng-hin-3eb3720hpfa.com\/index.php\/wp-json\/wp\/v2\/types\/page"}],"author":[{"embeddable":true,"href":"https:\/\/xn--ng-trng-hin-3eb3720hpfa.com\/index.php\/wp-json\/wp\/v2\/users\/1"}],"replies":[{"embeddable":true,"href":"https:\/\/xn--ng-trng-hin-3eb3720hpfa.com\/index.php\/wp-json\/wp\/v2\/comments?post=56"}],"version-history":[{"count":2,"href":"https:\/\/xn--ng-trng-hin-3eb3720hpfa.com\/index.php\/wp-json\/wp\/v2\/pages\/56\/revisions"}],"predecessor-version":[{"id":105,"href":"https:\/\/xn--ng-trng-hin-3eb3720hpfa.com\/index.php\/wp-json\/wp\/v2\/pages\/56\/revisions\/105"}],"wp:attachment":[{"href":"https:\/\/xn--ng-trng-hin-3eb3720hpfa.com\/index.php\/wp-json\/wp\/v2\/media?parent=56"}],"curies":[{"name":"wp","href":"https:\/\/api.w.org\/{rel}","templated":true}]}}